{"id":25001,"date":"2024-10-11T04:23:38","date_gmt":"2024-10-11T04:23:38","guid":{"rendered":"https:\/\/cleanhousegoodlifecorporation.com\/?page_id=25001"},"modified":"2024-11-28T02:17:30","modified_gmt":"2024-11-28T02:17:30","slug":"about","status":"publish","type":"page","link":"https:\/\/cleanhousegoodlifecorporation.com\/es\/about\/","title":{"rendered":"About Clean House Good Life Cleaning Services"},"content":{"rendered":"<p>[et_pb_section fb_built=&#8221;1&#8243; _builder_version=&#8221;4.27.2&#8243; _module_preset=&#8221;default&#8221; background_color=&#8221;rgba(89,89,89,0.49)&#8221; background_image=&#8221;https:\/\/cleanhousegoodlifecorporation.com\/wp-content\/uploads\/2024\/11\/gardener-8-za-14.jpg&#8221; background_blend=&#8221;darken&#8221; global_colors_info=&#8221;{}&#8221;][et_pb_row _builder_version=&#8221;4.27.2&#8243; _module_preset=&#8221;default&#8221; custom_padding=&#8221;||69px|||&#8221; global_colors_info=&#8221;{}&#8221;][et_pb_column type=&#8221;4_4&#8243; _builder_version=&#8221;4.27.2&#8243; _module_preset=&#8221;default&#8221; global_colors_info=&#8221;{}&#8221;][et_pb_text _builder_version=&#8221;4.27.2&#8243; _module_preset=&#8221;default&#8221; header_text_align=&#8221;left&#8221; header_text_color=&#8221;#FFFFFF&#8221; header_font_size=&#8221;43px&#8221; global_colors_info=&#8221;{}&#8221;]<\/p>\n<h1><strong>Clean House Good Life Cleaning Company<\/strong><\/h1>\n<p>[\/et_pb_text][\/et_pb_column][\/et_pb_row][\/et_pb_section][et_pb_section fb_built=&#8221;1&#8243; _builder_version=&#8221;4.27.2&#8243; _module_preset=&#8221;default&#8221; custom_padding=&#8221;11px|||||&#8221; global_colors_info=&#8221;{}&#8221;][et_pb_row _builder_version=&#8221;4.27.2&#8243; _module_preset=&#8221;default&#8221; custom_margin=&#8221;-16px|auto|-6px|auto||&#8221; custom_padding=&#8221;0px||16px|||&#8221; global_colors_info=&#8221;{}&#8221;][et_pb_column type=&#8221;4_4&#8243; _builder_version=&#8221;4.27.2&#8243; _module_preset=&#8221;default&#8221; global_colors_info=&#8221;{}&#8221;][\/et_pb_column][\/et_pb_row][et_pb_row column_structure=&#8221;3_5,2_5&#8243; _builder_version=&#8221;4.27.2&#8243; _module_preset=&#8221;default&#8221; custom_margin=&#8221;|auto|40px|auto||&#8221; global_colors_info=&#8221;{}&#8221;][et_pb_column type=&#8221;3_5&#8243; _builder_version=&#8221;4.27.2&#8243; _module_preset=&#8221;default&#8221; global_colors_info=&#8221;{}&#8221;][et_pb_text _builder_version=&#8221;4.27.2&#8243; _module_preset=&#8221;default&#8221; custom_margin=&#8221;||8px|||&#8221; custom_padding=&#8221;||0px|||&#8221; global_colors_info=&#8221;{}&#8221;]<\/p>\n<div class=\"elementor-element elementor-element-c402640 elementor-widget elementor-widget-heading\" data-id=\"c402640\" data-element_type=\"widget\" data-widget_type=\"heading.default\">\n<div class=\"elementor-widget-container\">\n<h3 class=\"elementor-heading-title elementor-size-default\"><span style=\"font-size: 32px;\"><b>Clean House Good Life Cleaning Services<\/b><\/span><\/h3>\n<\/div>\n<\/div>\n<p>[\/et_pb_text][et_pb_text _builder_version=&#8221;4.27.2&#8243; _module_preset=&#8221;default&#8221; text_font=&#8221;Cairo||||||||&#8221; text_text_color=&#8221;#768188&#8243; text_font_size=&#8221;18px&#8221; text_line_height=&#8221;1.6em&#8221; max_width=&#8221;97%&#8221; custom_margin=&#8221;-3px|-90px|0px||false|false&#8221; custom_margin_tablet=&#8221;0px|0px|0px||false|false&#8221; custom_margin_phone=&#8221;0px|0px|0px||false|false&#8221; custom_margin_last_edited=&#8221;on|phone&#8221; custom_padding=&#8221;0px||0px||false|false&#8221; text_font_size_tablet=&#8221;18px&#8221; text_font_size_phone=&#8221;17px&#8221; text_font_size_last_edited=&#8221;on|phone&#8221; global_colors_info=&#8221;{}&#8221;]<\/p>\n<p>Bienvenido a Clean House Good Life Cleaning Company, donde nos comprometemos a ofrecer soluciones de limpieza excepcionales adaptadas a tus necesidades \u00fanicas. Ya sea para tu hogar o negocio, nuestro objetivo es dejar cada espacio que tocamos impecable, fresco y acogedor.<\/p>\n<p><strong>Nuestra Misi\u00f3n<\/strong><br \/>En Clean House Good Life, nuestra misi\u00f3n es simple: crear entornos limpios, c\u00f3modos y agradables para nuestros clientes y ayudarlos a lograr una vida organizada. Ya sea una limpieza rutinaria, una renovaci\u00f3n profunda de temporada o preparar un espacio para su pr\u00f3xima etapa, brindamos un cuidado, calidad y profesionalismo incomparables en cada tarea.<\/p>\n<p><strong>Nuestra meta:<\/strong> \u00a1Limpiar 100 casas al d\u00eda!<\/p>\n<p><strong>Qu\u00e9 Nos Hace Diferentes<\/strong><br \/>Un espacio limpio va m\u00e1s all\u00e1 de la est\u00e9tica; se trata de paz mental y bienestar general. Por eso nos enfocamos en ofrecer servicios de limpieza meticulosos y ecol\u00f3gicos que no solo cumplen, sino que superan las expectativas. Nuestro equipo est\u00e1 capacitado para manejar todo, desde el mantenimiento b\u00e1sico hasta limpiezas especializadas, siempre utilizando productos seguros y sostenibles.<\/p>\n<p><strong>Nuestros Servicios<\/strong><br \/>Ofrecemos una gama completa de servicios de limpieza para satisfacer cada necesidad, incluyendo:<\/p>\n<ul>\n<li><strong>Limpieza Residencial:<\/strong> Planes de limpieza semanales, quincenales o mensuales para mantener tu hogar constantemente fresco y ordenado.<\/li>\n<li><strong>Limpieza Profunda<\/strong> Un servicio completo dise\u00f1ado para renovaciones estacionales o ocasiones especiales.<\/li>\n<li><strong>Limpieza de Mudanza:<\/strong> Garantizando una transici\u00f3n suave e impecable al entrar o salir de un hogar.<\/li>\n<li><strong>Limpieza Post-Construcci\u00f3n:<\/strong> Limpieza detallada para espacios nuevos o renovados.<\/li>\n<\/ul>\n<p><strong>\u00bfPor Qu\u00e9 Elegir Clean House Good Life?<\/strong><br \/>Entendemos que elegir una empresa de limpieza se trata de confianza, fiabilidad y calidad. Por eso ofrecemos:<\/p>\n<ul>\n<li><strong>Opciones de Horarios Flexibles<\/strong> Planes que se adaptan a tu estilo de vida y preferencias.<\/li>\n<li><strong>Productos Ecol\u00f3gicos:<\/strong> Soluciones de limpieza seguras y efectivas para un hogar y un ambiente m\u00e1s saludables.<\/li>\n<li><strong>Garant\u00eda de Satisfacci\u00f3n:<\/strong> Nuestro equipo est\u00e1 comprometido a asegurarse de que quedes encantado con cada servicio.<\/li>\n<\/ul>\n<p><strong>Nuestro Equipo<\/strong><br \/>Nuestros limpiadores profesionales son apasionados por ofrecer excelencia. Cada miembro del equipo recibe una capacitaci\u00f3n rigurosa para mantener los est\u00e1ndares que definen a Clean House Good Life.<\/p>\n<p><strong>Experimenta la Diferencia de Clean House Good Life<\/strong><br \/>Transforma tu espacio en un santuario de limpieza y orden. Reserva tu servicio hoy y descubre lo f\u00e1cil que es trabajar con un equipo que prioriza tu satisfacci\u00f3n.<\/p>\n<p>[\/et_pb_text][\/et_pb_column][et_pb_column type=&#8221;2_5&#8243; _builder_version=&#8221;4.27.2&#8243; _module_preset=&#8221;default&#8221; global_colors_info=&#8221;{}&#8221;][et_pb_image src=&#8221;https:\/\/cleanhousegoodlifecorporation.com\/wp-content\/uploads\/2024\/11\/cleaner-10-yry-17er.png&#8221; title_text=&#8221;cleaner-10-yry-17er&#8221; _builder_version=&#8221;4.27.2&#8243; _module_preset=&#8221;default&#8221; global_colors_info=&#8221;{}&#8221;][\/et_pb_image][\/et_pb_column][\/et_pb_row][\/et_pb_section][et_pb_section fb_built=&#8221;1&#8243; custom_padding_last_edited=&#8221;on|desktop&#8221; admin_label=&#8221;Title Section&#8221; _builder_version=&#8221;4.16&#8243; custom_padding=&#8221;64px||64px||true|false&#8221; custom_padding_tablet=&#8221;64px|0|16px|0|false|false&#8221; custom_padding_phone=&#8221;&#8221; bottom_divider_color=&#8221;#f6f9fc&#8221; bottom_divider_height=&#8221;700px&#8221; bottom_divider_repeat=&#8221;0x&#8221; bottom_divider_flip=&#8221;horizontal&#8221; transparent_background=&#8221;off&#8221; global_module=&#8221;24975&#8243; saved_tabs=&#8221;all&#8221; locked=&#8221;off&#8221; global_colors_info=&#8221;{}&#8221;][et_pb_row use_custom_gutter=&#8221;on&#8221; gutter_width=&#8221;1&#8243; custom_padding_last_edited=&#8221;on|phone&#8221; _builder_version=&#8221;4.16&#8243; custom_margin=&#8221;0px||0px||false|false&#8221; custom_padding=&#8221;0px||0px||true|false&#8221; custom_padding_tablet=&#8221;&#8221; custom_padding_phone=&#8221;||30px||false|false&#8221; locked=&#8221;off&#8221; global_colors_info=&#8221;{}&#8221;][et_pb_column type=&#8221;4_4&#8243; _builder_version=&#8221;4.16&#8243; custom_padding=&#8221;||0px||false|false&#8221; global_colors_info=&#8221;{}&#8221; custom_padding__hover=&#8221;|||&#8221;][et_pb_text admin_label=&#8221;text h2 title body p&#8221; _builder_version=&#8221;4.27.2&#8243; text_font=&#8221;Nunito Sans||||||||&#8221; text_text_color=&#8221;#77838e&#8221; text_font_size=&#8221;20px&#8221; text_line_height=&#8221;28px&#8221; header_font=&#8221;|||on|||||&#8221; header_text_color=&#8221;#57c3f0&#8243; header_font_size=&#8221;22px&#8221; header_line_height=&#8221;33px&#8221; header_2_font=&#8221;Nunito Sans|800|||||||&#8221; header_2_text_color=&#8221;#2A3443&#8243; header_2_font_size=&#8221;42px&#8221; header_2_line_height=&#8221;33px&#8221; text_orientation=&#8221;center&#8221; width=&#8221;85%&#8221; width_tablet=&#8221;100%&#8221; width_phone=&#8221;100%&#8221; width_last_edited=&#8221;on|phone&#8221; module_alignment=&#8221;center&#8221; custom_margin=&#8221;37px||74px||false|false&#8221; custom_margin_tablet=&#8221;|0px|0px||false|false&#8221; custom_margin_phone=&#8221;|0px|0px||false|false&#8221; custom_margin_last_edited=&#8221;on|phone&#8221; text_font_size_tablet=&#8221;&#8221; text_font_size_phone=&#8221;20px&#8221; text_font_size_last_edited=&#8221;on|phone&#8221; locked=&#8221;off&#8221; global_colors_info=&#8221;{}&#8221;]<\/p>\n<h2><span style=\"color: #000000;\">Una <span style=\"color: #00a165;\">Mejor Manera<\/span> de Limpieza<\/span><\/h2>\n<p><span><br \/>En Clean House Good Life Cleaning Services, entendemos que cada espacio es \u00fanico. Por eso, vamos m\u00e1s all\u00e1 de la limpieza rutinaria para ofrecer soluciones personalizadas. Nuestro equipo capacitado realiza evaluaciones detalladas para abordar tus necesidades espec\u00edficas y crear planes de limpieza a medida para un ambiente impecable y acogedor en cada ocasi\u00f3n.<br \/><\/span><\/p>\n<p>[\/et_pb_text][\/et_pb_column][\/et_pb_row][et_pb_row column_structure=&#8221;3_4,1_4&#8243; use_custom_gutter=&#8221;on&#8221; gutter_width=&#8221;2&#8243; custom_padding_last_edited=&#8221;on|phone&#8221; module_class=&#8221;bottom_meet_row&#8221; _builder_version=&#8221;4.27.2&#8243; _module_preset=&#8221;default&#8221; use_background_color_gradient=&#8221;on&#8221; background_color_gradient_stops=&#8221;rgba(0,58,116,0.63) 0%|rgba(0,0,0,0.77) 100%&#8221; background_color_gradient_overlays_image=&#8221;on&#8221; background_image=&#8221;https:\/\/cleanhousegoodlifecorporation.com\/wp-content\/uploads\/2024\/11\/asian-young-man-and-woman-cleaning-service-worker-2023-11-27-05-23-47-utc-scaled.jpg&#8221; background_position=&#8221;top_center&#8221; background_vertical_offset=&#8221;62%&#8221; width_tablet=&#8221;&#8221; width_phone=&#8221;90%&#8221; width_last_edited=&#8221;on|phone&#8221; custom_padding=&#8221;5.5%|8.2%|5.5%|8.2%|true|true&#8221; custom_padding_tablet=&#8221;80px|70px|80px|70px|true|true&#8221; custom_padding_phone=&#8221;50px|15px|50px|15px|true|true&#8221; custom_css_main_element=&#8221;display: flex;||align-items: center;&#8221; global_colors_info=&#8221;{}&#8221; custom_css_main_element_last_edited=&#8221;on|tablet&#8221; custom_css_main_element_tablet=&#8221;display: flex;||flex-direction: column;&#8221; custom_css_main_element_phone=&#8221;display: flex;||flex-direction: column;&#8221;][et_pb_column type=&#8221;3_4&#8243; _builder_version=&#8221;4.18.0&#8243; _module_preset=&#8221;default&#8221; global_colors_info=&#8221;{}&#8221;][et_pb_blurb title=&#8221;Talk to the experts&#8221; content_max_width=&#8221;100%&#8221; _builder_version=&#8221;4.27.2&#8243; _module_preset=&#8221;default&#8221; header_font=&#8221;PT Serif|700|||||||&#8221; header_text_align=&#8221;left&#8221; header_text_color=&#8221;#FFFFFF&#8221; header_font_size=&#8221;48px&#8221; header_line_height=&#8221;57.6px&#8221; body_font=&#8221;Open Sans||||||||&#8221; body_text_align=&#8221;left&#8221; body_text_color=&#8221;#FFFFFF&#8221; body_font_size=&#8221;16px&#8221; body_line_height=&#8221;28px&#8221; background_layout=&#8221;dark&#8221; module_alignment=&#8221;left&#8221; header_text_align_tablet=&#8221;center&#8221; header_text_align_phone=&#8221;center&#8221; header_text_align_last_edited=&#8221;on|tablet&#8221; header_font_size_tablet=&#8221;36px&#8221; header_font_size_phone=&#8221;28px&#8221; header_font_size_last_edited=&#8221;on|phone&#8221; header_line_height_tablet=&#8221;42px&#8221; header_line_height_phone=&#8221;36px&#8221; header_line_height_last_edited=&#8221;on|desktop&#8221; body_text_align_tablet=&#8221;center&#8221; body_text_align_phone=&#8221;center&#8221; body_text_align_last_edited=&#8221;on|tablet&#8221; body_font_size_tablet=&#8221;15px&#8221; body_font_size_phone=&#8221;14px&#8221; body_font_size_last_edited=&#8221;on|desktop&#8221; custom_css_blurb_title=&#8221;padding-bottom: 25px;&#8221; global_colors_info=&#8221;{}&#8221;][\/et_pb_blurb][\/et_pb_column][et_pb_column type=&#8221;1_4&#8243; module_class=&#8221;meet_our_btn_column&#8221; _builder_version=&#8221;4.18.0&#8243; _module_preset=&#8221;default&#8221; global_colors_info=&#8221;{}&#8221;][et_pb_button button_url=&#8221;@ET-DC@eyJkeW5hbWljIjp0cnVlLCJjb250ZW50IjoicG9zdF9saW5rX3VybF9wYWdlIiwic2V0dGluZ3MiOnsicG9zdF9pZCI6IjI1MDAzIn19@&#8221; button_text=&#8221;Appointments&#8221; button_alignment=&#8221;center&#8221; module_class=&#8221;meet_our_btn&#8221; _builder_version=&#8221;4.27.2&#8243; _dynamic_attributes=&#8221;button_url&#8221; _module_preset=&#8221;default&#8221; custom_button=&#8221;on&#8221; button_text_size=&#8221;16px&#8221; button_text_color=&#8221;#FFFFFF&#8221; button_bg_color=&#8221;#00a165&#8243; button_border_width=&#8221;0px&#8221; button_border_color=&#8221;#FED500&#8243; button_border_radius=&#8221;8px&#8221; button_font=&#8221;Open Sans|700|||||||&#8221; button_icon=&#8221;&#xf061;||fa||900&#8243; button_on_hover=&#8221;off&#8221; custom_padding=&#8221;11px|17%|11px|11%|true|false&#8221; custom_padding_tablet=&#8221;|31px||24px|true|false&#8221; custom_padding_phone=&#8221;&#8221; custom_padding_last_edited=&#8221;on|tablet&#8221; button_text_size_tablet=&#8221;15px&#8221; button_text_size_phone=&#8221;14px&#8221; button_text_size_last_edited=&#8221;on|desktop&#8221; global_colors_info=&#8221;{}&#8221; button_bg_color__hover_enabled=&#8221;on|hover&#8221; button_bg_color__hover=&#8221;#000000&#8243; button_bg_enable_color__hover=&#8221;on&#8221; button_border_color__hover_enabled=&#8221;on|desktop&#8221; button_border_color__hover=&#8221;#FFDC26&#8243;][\/et_pb_button][\/et_pb_column][\/et_pb_row][\/et_pb_section]<\/p>","protected":false},"excerpt":{"rendered":"<p>Clean House Good Life Cleaning Company Clean House Good Life Cleaning Services Welcome to Clean House Good Life Cleaning Company, where we\u2019re committed to providing exceptional cleaning solutions tailored to your unique needs. Whether it\u2019s for your home or business, our goal is to leave every space we touch spotless, fresh, and inviting. Our MissionAt [&hellip;]<\/p>","protected":false},"author":2,"featured_media":0,"parent":0,"menu_order":0,"comment_status":"closed","ping_status":"open","template":"","meta":{"_et_pb_use_builder":"on","_et_pb_old_content":"<!-- wp:divi\/placeholder \/-->","_et_gb_content_width":"","footnotes":""},"class_list":["post-25001","page","type-page","status-publish","hentry"],"_links":{"self":[{"href":"https:\/\/cleanhousegoodlifecorporation.com\/es\/wp-json\/wp\/v2\/pages\/25001","targetHints":{"allow":["GET"]}}],"collection":[{"href":"https:\/\/cleanhousegoodlifecorporation.com\/es\/wp-json\/wp\/v2\/pages"}],"about":[{"href":"https:\/\/cleanhousegoodlifecorporation.com\/es\/wp-json\/wp\/v2\/types\/page"}],"author":[{"embeddable":true,"href":"https:\/\/cleanhousegoodlifecorporation.com\/es\/wp-json\/wp\/v2\/users\/2"}],"replies":[{"embeddable":true,"href":"https:\/\/cleanhousegoodlifecorporation.com\/es\/wp-json\/wp\/v2\/comments?post=25001"}],"version-history":[{"count":13,"href":"https:\/\/cleanhousegoodlifecorporation.com\/es\/wp-json\/wp\/v2\/pages\/25001\/revisions"}],"predecessor-version":[{"id":366805,"href":"https:\/\/cleanhousegoodlifecorporation.com\/es\/wp-json\/wp\/v2\/pages\/25001\/revisions\/366805"}],"wp:attachment":[{"href":"https:\/\/cleanhousegoodlifecorporation.com\/es\/wp-json\/wp\/v2\/media?parent=25001"}],"curies":[{"name":"wp","href":"https:\/\/api.w.org\/{rel}","templated":true}]}}